{"id":2,"date":"2022-10-25T10:18:58","date_gmt":"2022-10-25T10:18:58","guid":{"rendered":"https:\/\/work.km-comp.hr\/wp\/?page_id=2"},"modified":"2022-10-25T19:05:06","modified_gmt":"2022-10-25T19:05:06","slug":"sample-page","status":"publish","type":"page","link":"https:\/\/work.km-comp.hr\/wp\/","title":{"rendered":"Po\u010detna stranica"},"content":{"rendered":"<p>[et_pb_section fb_built=&#8221;1&#8243; fullwidth=&#8221;on&#8221; _builder_version=&#8221;4.18.0&#8243; background_color=&#8221;#2a45e0&#8243; use_background_color_gradient=&#8221;on&#8221; background_color_gradient_direction=&#8221;330deg&#8221; background_color_gradient_stops=&#8221;#2ea3f2 0%|#2e6df4 100%&#8221; background_color_gradient_start=&#8221;#2ea3f2&#8243; background_color_gradient_end=&#8221;#2e6df4&#8243; global_colors_info=&#8221;{}&#8221;][et_pb_fullwidth_header title=&#8221;Hallo Plin&#8221; subhead=&#8221;Dostava plina Zagreb, Velika Gorica&#8221; text_orientation=&#8221;center&#8221; button_one_text=&#8221;NAZOVITE I NARU\u010cITE&#8221; button_one_url=&#8221;tel: +38501621001&#8243; _builder_version=&#8221;4.18.0&#8243; _module_preset=&#8221;default&#8221; hover_enabled=&#8221;0&#8243; global_colors_info=&#8221;{}&#8221; background_color=&#8221;#0C71C3&#8243; sticky_enabled=&#8221;0&#8243;][\/et_pb_fullwidth_header][et_pb_fullwidth_header title=&#8221;Dostava plina Zagreb, Velika Gorica&#8221; button_one_text=&#8221;Naru\u010dite odmah&#8221; _builder_version=&#8221;4.18.0&#8243; _module_preset=&#8221;default&#8221; title_last_edited=&#8221;on|desktop&#8221; hover_enabled=&#8221;0&#8243; sticky_enabled=&#8221;0&#8243; title_text=&#8221;cropped-plam1.jpg&#8221; logo_image_url=&#8221;https:\/\/work.km-comp.hr\/wp\/wp-content\/uploads\/2022\/10\/halloplin-2.jpg&#8221; header_image_url=&#8221;https:\/\/work.km-comp.hr\/wp\/wp-content\/uploads\/2022\/10\/cropped-plam1.jpg&#8221; button_one_url=&#8221;tel: 00385016218001&#8243; background_color=&#8221;#0C71C3&#8243; title_tablet=&#8221;Dostava plina Zagreb, Velika Gorica&#8221; title_phone=&#8221;Dostava plina Zagreb, Velika Gorica&#8221;]<\/p>\n<p><span>Za brzu dostavu plina u va\u0161 dom kontaktirajte nas na 01\/6218-001 i 01\/6218-119.<\/span><\/p>\n<p><span>PLAM dostavlja plin za ku\u0107anstvo za sljede\u0107a podru\u010dja: Velika Gorica, Novi Zagreb (Dugave, Travno, Utrine, Zapru\u0111e, Siget, Sopot, Slobo?tina, Sredi\u0161\u0107e, Kajzerica), Kne\u017eija, Jarun, Srednjaci, Pre\u010dko, Vrbani.<\/span><br \/><span>Dostavu plinskih boca obavljaju osposobljeni dostavlja\u010di. <\/span><\/p>\n<p><span>Vrijeme od narud\u017ebe do dostave plina u radno vrijeme iznosi 1 &#8211; 1,5h.<\/span><\/p>\n<p>[\/et_pb_fullwidth_header][\/et_pb_section]<\/p>\n","protected":false},"excerpt":{"rendered":"<p>Za brzu dostavu plina u va\u0161 dom kontaktirajte nas na 01\/6218-001 i 01\/6218-119. PLAM dostavlja plin za ku\u0107anstvo za sljede\u0107a podru\u010dja: Velika Gorica, Novi Zagreb (Dugave, Travno, Utrine, Zapru\u0111e, Siget, Sopot, Slobo?tina, Sredi\u0161\u0107e, Kajzerica), Kne\u017eija, Jarun, Srednjaci, Pre\u010dko, Vrbani.Dostavu plinskih boca obavljaju osposobljeni dostavlja\u010di. Vrijeme od narud\u017ebe do dostave plina u radno vrijeme iznosi 1 [&hellip;]<\/p>\n","protected":false},"author":1,"featured_media":0,"parent":0,"menu_order":0,"comment_status":"closed","ping_status":"open","template":"","meta":{"_et_pb_use_builder":"on","_et_pb_old_content":"<!-- wp:paragraph -->\n<p>This is an example page. It's different from a blog post because it will stay in one place and will show up in your site navigation (in most themes). Most people start with an About page that introduces them to potential site visitors. It might say something like this:<\/p>\n<!-- \/wp:paragraph -->\n\n<!-- wp:quote -->\n<blockquote class=\"wp-block-quote\"><p>Hi there! I'm a bike messenger by day, aspiring actor by night, and this is my website. I live in Los Angeles, have a great dog named Jack, and I like pi\u00f1a coladas. (And gettin' caught in the rain.)<\/p><\/blockquote>\n<!-- \/wp:quote -->\n\n<!-- wp:paragraph -->\n<p>...or something like this:<\/p>\n<!-- \/wp:paragraph -->\n\n<!-- wp:quote -->\n<blockquote class=\"wp-block-quote\"><p>The XYZ Doohickey Company was founded in 1971, and has been providing quality doohickeys to the public ever since. Located in Gotham City, XYZ employs over 2,000 people and does all kinds of awesome things for the Gotham community.<\/p><\/blockquote>\n<!-- \/wp:quote -->\n\n<!-- wp:paragraph -->\n<p>As a new WordPress user, you should go to <a href=\"https:\/\/work.km-comp.hr\/wp\/wp-admin\/\">your dashboard<\/a> to delete this page and create new pages for your content. Have fun!<\/p>\n<!-- \/wp:paragraph -->","_et_gb_content_width":"","footnotes":""},"class_list":["post-2","page","type-page","status-publish","hentry"],"_links":{"self":[{"href":"https:\/\/work.km-comp.hr\/wp\/index.php?rest_route=\/wp\/v2\/pages\/2","targetHints":{"allow":["GET"]}}],"collection":[{"href":"https:\/\/work.km-comp.hr\/wp\/index.php?rest_route=\/wp\/v2\/pages"}],"about":[{"href":"https:\/\/work.km-comp.hr\/wp\/index.php?rest_route=\/wp\/v2\/types\/page"}],"author":[{"embeddable":true,"href":"https:\/\/work.km-comp.hr\/wp\/index.php?rest_route=\/wp\/v2\/users\/1"}],"replies":[{"embeddable":true,"href":"https:\/\/work.km-comp.hr\/wp\/index.php?rest_route=%2Fwp%2Fv2%2Fcomments&post=2"}],"version-history":[{"count":10,"href":"https:\/\/work.km-comp.hr\/wp\/index.php?rest_route=\/wp\/v2\/pages\/2\/revisions"}],"predecessor-version":[{"id":100,"href":"https:\/\/work.km-comp.hr\/wp\/index.php?rest_route=\/wp\/v2\/pages\/2\/revisions\/100"}],"wp:attachment":[{"href":"https:\/\/work.km-comp.hr\/wp\/index.php?rest_route=%2Fwp%2Fv2%2Fmedia&parent=2"}],"curies":[{"name":"wp","href":"https:\/\/api.w.org\/{rel}","templated":true}]}}